{"id":2888,"date":"2024-07-16T17:12:39","date_gmt":"2024-07-16T15:12:39","guid":{"rendered":"https:\/\/neu.naturfoto-zimmert.com\/?page_id=2888"},"modified":"2024-07-16T17:45:56","modified_gmt":"2024-07-16T15:45:56","slug":"fine-art-printing","status":"publish","type":"page","link":"https:\/\/www.naturfoto-zimmert.com\/en\/publikationen\/fine-art-printing\/","title":{"rendered":"Fine Art Printing"},"content":{"rendered":"\t\t<div data-elementor-type=\"wp-page\" data-elementor-id=\"2888\" class=\"elementor elementor-2888\" data-elementor-post-type=\"page\">\n\t\t\t\t<div class=\"elementor-element elementor-element-6a6287f e-con-full e-flex e-con e-parent\" data-id=\"6a6287f\" data-element_type=\"container\" data-e-type=\"container\">\n\t\t\t\t<div class=\"elementor-element elementor-element-2ddef6d elementor-widget elementor-widget-heading\" data-id=\"2ddef6d\" data-element_type=\"widget\" data-e-type=\"widget\" data-widget_type=\"heading.default\">\n\t\t\t\t<div class=\"elementor-widget-container\">\n\t\t\t\t\t<h2 class=\"elementor-heading-title elementor-size-default\">Fine Art Printing<\/h2>\t\t\t\t<\/div>\n\t\t\t\t<\/div>\n\t\t<div class=\"elementor-element elementor-element-e12e314 e-flex e-con-boxed e-con e-child\" data-id=\"e12e314\" data-element_type=\"container\" data-e-type=\"container\">\n\t\t\t\t\t<div class=\"e-con-inner\">\n\t\t<div class=\"elementor-element elementor-element-c4feb63 e-con-full e-flex e-con e-child\" data-id=\"c4feb63\" data-element_type=\"container\" data-e-type=\"container\">\n\t\t\t\t<div class=\"elementor-element elementor-element-794b4d8 elementor-view-stacked elementor-absolute elementor-hidden-tablet elementor-hidden-mobile elementor-shape-circle elementor-widget elementor-widget-icon\" data-id=\"794b4d8\" data-element_type=\"widget\" data-e-type=\"widget\" data-settings=\"{&quot;_position&quot;:&quot;absolute&quot;,&quot;motion_fx_motion_fx_scrolling&quot;:&quot;yes&quot;,&quot;motion_fx_opacity_effect&quot;:&quot;yes&quot;,&quot;motion_fx_opacity_range&quot;:{&quot;unit&quot;:&quot;%&quot;,&quot;size&quot;:&quot;&quot;,&quot;sizes&quot;:{&quot;start&quot;:0,&quot;end&quot;:45}},&quot;motion_fx_motion_fx_mouse&quot;:&quot;yes&quot;,&quot;motion_fx_mouseTrack_effect&quot;:&quot;yes&quot;,&quot;motion_fx_mouseTrack_speed&quot;:{&quot;unit&quot;:&quot;px&quot;,&quot;size&quot;:0.4,&quot;sizes&quot;:[]},&quot;motion_fx_opacity_direction&quot;:&quot;out-in&quot;,&quot;motion_fx_opacity_level&quot;:{&quot;unit&quot;:&quot;px&quot;,&quot;size&quot;:10,&quot;sizes&quot;:[]},&quot;motion_fx_devices&quot;:[&quot;desktop&quot;,&quot;tablet&quot;,&quot;mobile&quot;]}\" data-widget_type=\"icon.default\">\n\t\t\t\t<div class=\"elementor-widget-container\">\n\t\t\t\t\t\t\t<div class=\"elementor-icon-wrapper\">\n\t\t\t<div class=\"elementor-icon\">\n\t\t\t<svg aria-hidden=\"true\" class=\"e-font-icon-svg e-far-dot-circle\" viewBox=\"0 0 512 512\" xmlns=\"http:\/\/www.w3.org\/2000\/svg\"><path d=\"M256 56c110.532 0 200 89.451 200 200 0 110.532-89.451 200-200 200-110.532 0-200-89.451-200-200 0-110.532 89.451-200 200-200m0-48C119.033 8 8 119.033 8 256s111.033 248 248 248 248-111.033 248-248S392.967 8 256 8zm0 168c-44.183 0-80 35.817-80 80s35.817 80 80 80 80-35.817 80-80-35.817-80-80-80z\"><\/path><\/svg>\t\t\t<\/div>\n\t\t<\/div>\n\t\t\t\t\t\t<\/div>\n\t\t\t\t<\/div>\n\t\t\t\t<div class=\"elementor-element elementor-element-6d13b7a elementor-widget elementor-widget-image\" data-id=\"6d13b7a\" data-element_type=\"widget\" data-e-type=\"widget\" data-widget_type=\"image.default\">\n\t\t\t\t<div class=\"elementor-widget-container\">\n\t\t\t\t\t\t\t\t\t\t\t\t\t\t\t<img fetchpriority=\"high\" decoding=\"async\" width=\"300\" height=\"439\" src=\"https:\/\/www.naturfoto-zimmert.com\/wp-content\/uploads\/2024\/05\/fine_art_printing_cover.jpeg\" class=\"attachment-full size-full wp-image-919\" alt=\"Fine Art Printing\" srcset=\"https:\/\/www.naturfoto-zimmert.com\/wp-content\/uploads\/2024\/05\/fine_art_printing_cover.jpeg 300w, https:\/\/www.naturfoto-zimmert.com\/wp-content\/uploads\/2024\/05\/fine_art_printing_cover-205x300.jpeg 205w, https:\/\/www.naturfoto-zimmert.com\/wp-content\/uploads\/2024\/05\/fine_art_printing_cover-8x12.jpeg 8w\" sizes=\"(max-width: 300px) 100vw, 300px\" \/>\t\t\t\t\t\t\t\t\t\t\t\t\t\t\t<\/div>\n\t\t\t\t<\/div>\n\t\t\t\t<div class=\"elementor-element elementor-element-efb0919 elementor-widget__width-initial elementor-widget elementor-widget-text-editor\" data-id=\"efb0919\" data-element_type=\"widget\" data-e-type=\"widget\" data-widget_type=\"text-editor.default\">\n\t\t\t\t<div class=\"elementor-widget-container\">\n\t\t\t\t\t\t\t\t\t<p>Leider vergriffen oder Restbest\u00e4nde!<\/p>\t\t\t\t\t\t\t\t<\/div>\n\t\t\t\t<\/div>\n\t\t\t\t<div class=\"elementor-element elementor-element-8f8abad elementor-widget__width-initial elementor-widget elementor-widget-text-editor\" data-id=\"8f8abad\" data-element_type=\"widget\" data-e-type=\"widget\" data-widget_type=\"text-editor.default\">\n\t\t\t\t<div class=\"elementor-widget-container\">\n\t\t\t\t\t\t\t\t\t<p><strong>ISBN:<\/strong> 978-3-82266-1638-3<\/p><p><strong>Erscheinungsjahr:<\/strong> 2006<\/p>\t\t\t\t\t\t\t\t<\/div>\n\t\t\t\t<\/div>\n\t\t\t\t<div class=\"elementor-element elementor-element-e2f97b5 elementor-widget__width-initial elementor-widget elementor-widget-text-editor\" data-id=\"e2f97b5\" data-element_type=\"widget\" data-e-type=\"widget\" data-widget_type=\"text-editor.default\">\n\t\t\t\t<div class=\"elementor-widget-container\">\n\t\t\t\t\t\t\t\t\t<p>Aus dem Inhalt:<\/p>\t\t\t\t\t\t\t\t<\/div>\n\t\t\t\t<\/div>\n\t\t\t\t<div class=\"elementor-element elementor-element-390e49e elementor-widget__width-initial elementor-widget elementor-widget-text-editor\" data-id=\"390e49e\" data-element_type=\"widget\" data-e-type=\"widget\" data-widget_type=\"text-editor.default\">\n\t\t\t\t<div class=\"elementor-widget-container\">\n\t\t\t\t\t\t\t\t\t<ul><li>Korrekturen mit dem RAW-Konverter und mit Photoshop<\/li><li>Vertiefende Bildbearbeitungstechniken zum Einsatz von Ebenen und zur Auswahl von Bildbereichen<\/li><li>Viele konkrete Praxisbeispiele mit nachvollziehbaren Optimierungsschritten<\/li><li>Umwandlung von Farbbildern in Schwarzwei\u00df und Erstellung von Panoramabildern<\/li><li>Umgang mit Papier und Tinte<\/li><li>Anleitung zur professionellen Pr\u00e4sentation der Fotos<\/li><\/ul>\t\t\t\t\t\t\t\t<\/div>\n\t\t\t\t<\/div>\n\t\t\t\t<\/div>\n\t\t<div class=\"elementor-element elementor-element-e6bd085 e-con-full e-flex e-con e-child\" data-id=\"e6bd085\" data-element_type=\"container\" data-e-type=\"container\">\n\t\t\t\t<div class=\"elementor-element elementor-element-a33a593 elementor-widget__width-initial elementor-widget elementor-widget-text-editor\" data-id=\"a33a593\" data-element_type=\"widget\" data-e-type=\"widget\" data-widget_type=\"text-editor.default\">\n\t\t\t\t<div class=\"elementor-widget-container\">\n\t\t\t\t\t\t\t\t\t<p>Die h\u00f6chste Kunst des Druckens, das Fine Art Printing, bedarf einer guten Vorbereitung der Bilddaten.<\/p>\n<p><strong>Erstklassige Ausdrucke Ihrer Fotografien &#8211; Optimierungsschritte anhand von 20 Beispielbildern &#8211; Tipps zu Herstellung, Pr\u00e4sentation und Archivierung der Prints<\/strong><\/p>\n<p>Nach einer kurzen Einf\u00fchrung zum RAW-Konverter und zu Photoshop im ersten Teil des Buches zeigen wir im zweiten Teil anhand von 20 Fotos, wie diese geschickt f\u00fcr den&nbsp;Fine Art Print optimiert werden. Die Bilder werden ganzseitig gegen\u00fcbergestellt, um das Ergebnis sofort sichtbar zu machen. Dabei geht es um die Ver\u00e4nderungen des Kontrastumfangs, Korrektur der Perspektive, selektive Farbkorrekturen und Retusche &#8211; um nur einige Techniken zu nennen. Die Verwendung verschiedener Papierarten kommt schlie\u00dflich im vierten Teil des Buches ebenso zur Sprache wie das Aufkaschieren der Prints und das Anfertigen von Passepartouts zu Pr\u00e4sentationszwecken.<\/p>\t\t\t\t\t\t\t\t<\/div>\n\t\t\t\t<\/div>\n\t\t\t\t<div class=\"elementor-element elementor-element-adbc676 elementor-widget elementor-widget-accordion\" data-id=\"adbc676\" data-element_type=\"widget\" data-e-type=\"widget\" data-widget_type=\"accordion.default\">\n\t\t\t\t<div class=\"elementor-widget-container\">\n\t\t\t\t\t\t\t<div class=\"elementor-accordion\">\n\t\t\t\t\t\t\t<div class=\"elementor-accordion-item\">\n\t\t\t\t\t<div id=\"elementor-tab-title-1821\" class=\"elementor-tab-title\" data-tab=\"1\" role=\"button\" aria-controls=\"elementor-tab-content-1821\" aria-expanded=\"false\">\n\t\t\t\t\t\t\t\t\t\t\t\t\t<span class=\"elementor-accordion-icon elementor-accordion-icon-right\" aria-hidden=\"true\">\n\t\t\t\t\t\t\t\t\t\t\t\t\t\t\t<span class=\"elementor-accordion-icon-closed\"><svg xmlns=\"http:\/\/www.w3.org\/2000\/svg\" height=\"24\" viewBox=\"0 0 24 24\" width=\"24\"><path d=\"m0 0h24v24h-24z\" fill=\"#fff\" opacity=\"0\"><\/path><g fill=\"none\" stroke=\"#fff\" transform=\"matrix(.70710678 .70710678 -.70710678 .70710678 11.835 3.165)\"><path d=\"m0 0h9.1v8.53\" transform=\"translate(3.397)\"><\/path><path d=\"m12.494 0-12.494 12.494\"><\/path><\/g><\/svg><\/span>\n\t\t\t\t\t\t\t\t<span class=\"elementor-accordion-icon-opened\"><svg xmlns=\"http:\/\/www.w3.org\/2000\/svg\" height=\"24\" viewBox=\"0 0 24 24\" width=\"24\"><path d=\"m0 0h24v24h-24z\" fill=\"#fff\" opacity=\"0\"><\/path><g fill=\"none\" stroke=\"#fff\" transform=\"matrix(.70710678 .70710678 -.70710678 .70710678 11.835 3.165)\"><path d=\"m0 0h9.1v8.53\" transform=\"translate(3.397)\"><\/path><path d=\"m12.494 0-12.494 12.494\"><\/path><\/g><\/svg><\/span>\n\t\t\t\t\t\t\t\t\t\t\t\t\t\t<\/span>\n\t\t\t\t\t\t\t\t\t\t\t\t<a class=\"elementor-accordion-title\" tabindex=\"0\">Feedback und Rezensionen:<\/a>\n\t\t\t\t\t<\/div>\n\t\t\t\t\t<div id=\"elementor-tab-content-1821\" class=\"elementor-tab-content elementor-clearfix\" data-tab=\"1\" role=\"region\" aria-labelledby=\"elementor-tab-title-1821\"><p><a href=\"https:\/\/www.naturfoto-zimmert.com\/wp-content\/uploads\/2024\/06\/1638_profifoto.pdf\" target=\"_blank\" rel=\"noopener\">profifoto 11\/2006<\/a><\/p><p><a href=\"https:\/\/www.naturfoto-zimmert.com\/wp-content\/uploads\/2024\/06\/1638_1693_1657_prepress.pdf\" target=\"_blank\" rel=\"noopener\">prepress 12\/2006<\/a><\/p><p><a href=\"https:\/\/www.naturfoto-zimmert.com\/wp-content\/uploads\/2024\/07\/fineartprinter_01_2007.jpg\" target=\"_blank\" rel=\"noopener\">fine art printer 01\/2007<\/a><\/p><p><a href=\"https:\/\/www.naturfoto-zimmert.com\/wp-content\/uploads\/2024\/06\/1638_prophotoonline.pdf\" target=\"_blank\" rel=\"noopener\">prophoto online 04\/2007<\/a><\/p><p><a href=\"https:\/\/www.digitalkamera.de\/Meldung\/Gerhard_Zimmert_Beate_Stipanits_Fine_Art_Printing\/4030.aspx\" target=\"_blank\" rel=\"noopener\">Digitalkamera 05\/2007<\/a><\/p><p><a href=\"https:\/\/www.naturfoto-zimmert.com\/wp-content\/uploads\/2024\/06\/1638_macup.pdf\" target=\"_blank\" rel=\"noopener\">MacUp 07\/2007<\/a><\/p><p><a href=\"https:\/\/www.naturfoto-zimmert.com\/wp-content\/uploads\/2024\/06\/1638_1693_maclife.pdf\" target=\"_blank\" rel=\"noopener\">MacLife 07\/2007<\/a><\/p><p><a href=\"https:\/\/www.naturfoto-zimmert.com\/wp-content\/uploads\/2024\/07\/Photographie_08_2007.jpg\" target=\"_blank\" rel=\"noopener\">photographie 08\/2007<\/a><\/p><p>\u00a0<\/p><\/div>\n\t\t\t\t<\/div>\n\t\t\t\t\t\t\t\t\t\t<script type=\"application\/ld+json\">{\"@context\":\"https:\\\/\\\/schema.org\",\"@type\":\"FAQPage\",\"mainEntity\":[{\"@type\":\"Question\",\"name\":\"Feedback und Rezensionen:\",\"acceptedAnswer\":{\"@type\":\"Answer\",\"text\":\"<p><a href=\\\"https:\\\/\\\/www.naturfoto-zimmert.com\\\/wp-content\\\/uploads\\\/2024\\\/06\\\/1638_profifoto.pdf\\\" target=\\\"_blank\\\" rel=\\\"noopener\\\">profifoto 11\\\/2006<\\\/a><\\\/p><p><a href=\\\"https:\\\/\\\/www.naturfoto-zimmert.com\\\/wp-content\\\/uploads\\\/2024\\\/06\\\/1638_1693_1657_prepress.pdf\\\" target=\\\"_blank\\\" rel=\\\"noopener\\\">prepress 12\\\/2006<\\\/a><\\\/p><p><a href=\\\"https:\\\/\\\/www.naturfoto-zimmert.com\\\/wp-content\\\/uploads\\\/2024\\\/07\\\/fineartprinter_01_2007.jpg\\\" target=\\\"_blank\\\" rel=\\\"noopener\\\">fine art printer 01\\\/2007<\\\/a><\\\/p><p><a href=\\\"https:\\\/\\\/www.naturfoto-zimmert.com\\\/wp-content\\\/uploads\\\/2024\\\/06\\\/1638_prophotoonline.pdf\\\" target=\\\"_blank\\\" rel=\\\"noopener\\\">prophoto online 04\\\/2007<\\\/a><\\\/p><p><a href=\\\"https:\\\/\\\/www.digitalkamera.de\\\/Meldung\\\/Gerhard_Zimmert_Beate_Stipanits_Fine_Art_Printing\\\/4030.aspx\\\" target=\\\"_blank\\\" rel=\\\"noopener\\\">Digitalkamera 05\\\/2007<\\\/a><\\\/p><p><a href=\\\"https:\\\/\\\/www.naturfoto-zimmert.com\\\/wp-content\\\/uploads\\\/2024\\\/06\\\/1638_macup.pdf\\\" target=\\\"_blank\\\" rel=\\\"noopener\\\">MacUp 07\\\/2007<\\\/a><\\\/p><p><a href=\\\"https:\\\/\\\/www.naturfoto-zimmert.com\\\/wp-content\\\/uploads\\\/2024\\\/06\\\/1638_1693_maclife.pdf\\\" target=\\\"_blank\\\" rel=\\\"noopener\\\">MacLife 07\\\/2007<\\\/a><\\\/p><p><a href=\\\"https:\\\/\\\/www.naturfoto-zimmert.com\\\/wp-content\\\/uploads\\\/2024\\\/07\\\/Photographie_08_2007.jpg\\\" target=\\\"_blank\\\" rel=\\\"noopener\\\">photographie 08\\\/2007<\\\/a><\\\/p><p>\\u00a0<\\\/p>\"}}]}<\/script>\n\t\t\t\t\t<\/div>\n\t\t\t\t\t\t<\/div>\n\t\t\t\t<\/div>\n\t\t\t\t<\/div>\n\t\t\t\t\t<\/div>\n\t\t\t\t<\/div>\n\t\t\t\t<\/div>\n\t\t\t\t<\/div>\n\t\t","protected":false},"excerpt":{"rendered":"<p>Fine Art Printing &nbsp; Leider vergriffen oder Restbest\u00e4nde! ISBN: 978-3-82266-1638-3 Erscheinungsjahr: 2006 Aus dem Inhalt: Korrekturen mit dem RAW-Konverter und mit Photoshop Vertiefende Bildbearbeitungstechniken zum Einsatz von Ebenen und zur Auswahl von Bildbereichen Viele konkrete Praxisbeispiele mit nachvollziehbaren Optimierungsschritten Umwandlung von Farbbildern in Schwarzwei\u00df und Erstellung von Panoramabildern Umgang mit Papier und Tinte Anleitung zur [&hellip;]<\/p>\n","protected":false},"author":2,"featured_media":0,"parent":638,"menu_order":0,"comment_status":"closed","ping_status":"closed","template":"","meta":{"inline_featured_image":false,"footnotes":""},"class_list":["post-2888","page","type-page","status-publish","hentry"],"acf":[],"_links":{"self":[{"href":"https:\/\/www.naturfoto-zimmert.com\/en\/wp-json\/wp\/v2\/pages\/2888","targetHints":{"allow":["GET"]}}],"collection":[{"href":"https:\/\/www.naturfoto-zimmert.com\/en\/wp-json\/wp\/v2\/pages"}],"about":[{"href":"https:\/\/www.naturfoto-zimmert.com\/en\/wp-json\/wp\/v2\/types\/page"}],"author":[{"embeddable":true,"href":"https:\/\/www.naturfoto-zimmert.com\/en\/wp-json\/wp\/v2\/users\/2"}],"replies":[{"embeddable":true,"href":"https:\/\/www.naturfoto-zimmert.com\/en\/wp-json\/wp\/v2\/comments?post=2888"}],"version-history":[{"count":27,"href":"https:\/\/www.naturfoto-zimmert.com\/en\/wp-json\/wp\/v2\/pages\/2888\/revisions"}],"predecessor-version":[{"id":2918,"href":"https:\/\/www.naturfoto-zimmert.com\/en\/wp-json\/wp\/v2\/pages\/2888\/revisions\/2918"}],"up":[{"embeddable":true,"href":"https:\/\/www.naturfoto-zimmert.com\/en\/wp-json\/wp\/v2\/pages\/638"}],"wp:attachment":[{"href":"https:\/\/www.naturfoto-zimmert.com\/en\/wp-json\/wp\/v2\/media?parent=2888"}],"curies":[{"name":"wp","href":"https:\/\/api.w.org\/{rel}","templated":true}]}}