{"id":2833,"date":"2024-07-16T16:38:59","date_gmt":"2024-07-16T14:38:59","guid":{"rendered":"https:\/\/neu.naturfoto-zimmert.com\/?page_id=2833"},"modified":"2024-07-16T17:11:27","modified_gmt":"2024-07-16T15:11:27","slug":"digitale-naturfotografie","status":"publish","type":"page","link":"https:\/\/www.naturfoto-zimmert.com\/en\/publikationen\/digitale-naturfotografie\/","title":{"rendered":"Digitale Naturfotografie"},"content":{"rendered":"\t\t<div data-elementor-type=\"wp-page\" data-elementor-id=\"2833\" class=\"elementor elementor-2833\" data-elementor-post-type=\"page\">\n\t\t\t\t<div class=\"elementor-element elementor-element-6a6287f e-con-full e-flex e-con e-parent\" data-id=\"6a6287f\" data-element_type=\"container\" data-e-type=\"container\">\n\t\t\t\t<div class=\"elementor-element elementor-element-2ddef6d elementor-widget elementor-widget-heading\" data-id=\"2ddef6d\" data-element_type=\"widget\" data-e-type=\"widget\" data-widget_type=\"heading.default\">\n\t\t\t\t<div class=\"elementor-widget-container\">\n\t\t\t\t\t<h2 class=\"elementor-heading-title elementor-size-default\">Digitale Naturfotografie<\/h2>\t\t\t\t<\/div>\n\t\t\t\t<\/div>\n\t\t<div class=\"elementor-element elementor-element-e12e314 e-flex e-con-boxed e-con e-child\" data-id=\"e12e314\" data-element_type=\"container\" data-e-type=\"container\">\n\t\t\t\t\t<div class=\"e-con-inner\">\n\t\t<div class=\"elementor-element elementor-element-c4feb63 e-con-full e-flex e-con e-child\" data-id=\"c4feb63\" data-element_type=\"container\" data-e-type=\"container\">\n\t\t\t\t<div class=\"elementor-element elementor-element-794b4d8 elementor-view-stacked elementor-absolute elementor-hidden-tablet elementor-hidden-mobile elementor-shape-circle elementor-widget elementor-widget-icon\" data-id=\"794b4d8\" data-element_type=\"widget\" data-e-type=\"widget\" data-settings=\"{&quot;_position&quot;:&quot;absolute&quot;,&quot;motion_fx_motion_fx_scrolling&quot;:&quot;yes&quot;,&quot;motion_fx_opacity_effect&quot;:&quot;yes&quot;,&quot;motion_fx_opacity_range&quot;:{&quot;unit&quot;:&quot;%&quot;,&quot;size&quot;:&quot;&quot;,&quot;sizes&quot;:{&quot;start&quot;:0,&quot;end&quot;:45}},&quot;motion_fx_motion_fx_mouse&quot;:&quot;yes&quot;,&quot;motion_fx_mouseTrack_effect&quot;:&quot;yes&quot;,&quot;motion_fx_mouseTrack_speed&quot;:{&quot;unit&quot;:&quot;px&quot;,&quot;size&quot;:0.4,&quot;sizes&quot;:[]},&quot;motion_fx_opacity_direction&quot;:&quot;out-in&quot;,&quot;motion_fx_opacity_level&quot;:{&quot;unit&quot;:&quot;px&quot;,&quot;size&quot;:10,&quot;sizes&quot;:[]},&quot;motion_fx_devices&quot;:[&quot;desktop&quot;,&quot;tablet&quot;,&quot;mobile&quot;]}\" data-widget_type=\"icon.default\">\n\t\t\t\t<div class=\"elementor-widget-container\">\n\t\t\t\t\t\t\t<div class=\"elementor-icon-wrapper\">\n\t\t\t<div class=\"elementor-icon\">\n\t\t\t<svg aria-hidden=\"true\" class=\"e-font-icon-svg e-far-dot-circle\" viewBox=\"0 0 512 512\" xmlns=\"http:\/\/www.w3.org\/2000\/svg\"><path d=\"M256 56c110.532 0 200 89.451 200 200 0 110.532-89.451 200-200 200-110.532 0-200-89.451-200-200 0-110.532 89.451-200 200-200m0-48C119.033 8 8 119.033 8 256s111.033 248 248 248 248-111.033 248-248S392.967 8 256 8zm0 168c-44.183 0-80 35.817-80 80s35.817 80 80 80 80-35.817 80-80-35.817-80-80-80z\"><\/path><\/svg>\t\t\t<\/div>\n\t\t<\/div>\n\t\t\t\t\t\t<\/div>\n\t\t\t\t<\/div>\n\t\t\t\t<div class=\"elementor-element elementor-element-6d13b7a elementor-widget elementor-widget-image\" data-id=\"6d13b7a\" data-element_type=\"widget\" data-e-type=\"widget\" data-widget_type=\"image.default\">\n\t\t\t\t<div class=\"elementor-widget-container\">\n\t\t\t\t\t\t\t\t\t\t\t\t\t\t\t<img fetchpriority=\"high\" decoding=\"async\" width=\"450\" height=\"451\" src=\"https:\/\/www.naturfoto-zimmert.com\/wp-content\/uploads\/2024\/05\/cover_m_nominierung.jpeg\" class=\"attachment-full size-full wp-image-922\" alt=\"Digitale Naturfotografie\" srcset=\"https:\/\/www.naturfoto-zimmert.com\/wp-content\/uploads\/2024\/05\/cover_m_nominierung.jpeg 450w, https:\/\/www.naturfoto-zimmert.com\/wp-content\/uploads\/2024\/05\/cover_m_nominierung-300x300.jpeg 300w, https:\/\/www.naturfoto-zimmert.com\/wp-content\/uploads\/2024\/05\/cover_m_nominierung-150x150.jpeg 150w, https:\/\/www.naturfoto-zimmert.com\/wp-content\/uploads\/2024\/05\/cover_m_nominierung-12x12.jpeg 12w\" sizes=\"(max-width: 450px) 100vw, 450px\" \/>\t\t\t\t\t\t\t\t\t\t\t\t\t\t\t<\/div>\n\t\t\t\t<\/div>\n\t\t\t\t<div class=\"elementor-element elementor-element-efb0919 elementor-widget__width-initial elementor-widget elementor-widget-text-editor\" data-id=\"efb0919\" data-element_type=\"widget\" data-e-type=\"widget\" data-widget_type=\"text-editor.default\">\n\t\t\t\t<div class=\"elementor-widget-container\">\n\t\t\t\t\t\t\t\t\t<p>Leider vergriffen oder Restbest\u00e4nde!<\/p>\t\t\t\t\t\t\t\t<\/div>\n\t\t\t\t<\/div>\n\t\t\t\t<div class=\"elementor-element elementor-element-8f8abad elementor-widget__width-initial elementor-widget elementor-widget-text-editor\" data-id=\"8f8abad\" data-element_type=\"widget\" data-e-type=\"widget\" data-widget_type=\"text-editor.default\">\n\t\t\t\t<div class=\"elementor-widget-container\">\n\t\t\t\t\t\t\t\t\t<p><strong>ISBN:<\/strong> 978-3-8266-5516-6<\/p><p><strong>Erscheinungsjahr:<\/strong> 2010<\/p>\t\t\t\t\t\t\t\t<\/div>\n\t\t\t\t<\/div>\n\t\t\t\t<div class=\"elementor-element elementor-element-e2f97b5 elementor-widget__width-initial elementor-widget elementor-widget-text-editor\" data-id=\"e2f97b5\" data-element_type=\"widget\" data-e-type=\"widget\" data-widget_type=\"text-editor.default\">\n\t\t\t\t<div class=\"elementor-widget-container\">\n\t\t\t\t\t\t\t\t\t<p>Aus dem Inhalt:<\/p>\t\t\t\t\t\t\t\t<\/div>\n\t\t\t\t<\/div>\n\t\t\t\t<div class=\"elementor-element elementor-element-390e49e elementor-widget__width-initial elementor-widget elementor-widget-text-editor\" data-id=\"390e49e\" data-element_type=\"widget\" data-e-type=\"widget\" data-widget_type=\"text-editor.default\">\n\t\t\t\t<div class=\"elementor-widget-container\">\n\t\t\t\t\t\t\t\t\t<ul><li>Histogramm und Belichtung<\/li><li>Der richtige Augenblick<\/li><li>Das Licht<\/li><li>Komposition und Bildwirkung<\/li><li>Die richtige Ausr\u00fcstung<\/li><li>Viele kleine Helferlein<\/li><li>Genres der Naturfotografie<\/li><li>Tierfotografie<\/li><li>Pflanzenfotografie<\/li><li>Landschaftsfotografie<\/li><li>Formen und Strukturen<\/li><li>Sonderthemen f\u00fcr Naturfotografen<\/li><\/ul>\t\t\t\t\t\t\t\t<\/div>\n\t\t\t\t<\/div>\n\t\t\t\t<\/div>\n\t\t<div class=\"elementor-element elementor-element-e6bd085 e-con-full e-flex e-con e-child\" data-id=\"e6bd085\" data-element_type=\"container\" data-e-type=\"container\">\n\t\t\t\t<div class=\"elementor-element elementor-element-a33a593 elementor-widget__width-initial elementor-widget elementor-widget-text-editor\" data-id=\"a33a593\" data-element_type=\"widget\" data-e-type=\"widget\" data-widget_type=\"text-editor.default\">\n\t\t\t\t<div class=\"elementor-widget-container\">\n\t\t\t\t\t\t\t\t\t<p>Die Arbeit in der freien Natur bedeutet eine ganz spezielle Herausforderung sowie einen gro\u00dfen Anreiz f\u00fcr jeden Fotografen und stellt an diesen sowie an seine Ausr\u00fcstung besondere Anspr\u00fcche.<\/p><p><strong>Ausr\u00fcstung, Beispiele, Workflow &#8211;\u00a0Handwerkszeug f\u00fcr den Naturfotografen &#8211;\u00a0Tipps aus der Praxis<\/strong><\/p><p>F\u00fcr erfolgreiche Naturfotografie ist ein grundlegendes Wissen um die Besonderheiten der digitalen Fotografie unabdingbar und die Autoren informieren Sie \u00fcber die optimalen Einstellungen an Ihrer Kamera sowie an PC oder Mac, so dass Ihre gedruckten Werke sp\u00e4ter keine \u00dcberraschungen mehr f\u00fcr Sie bereithalten. Auch die richtige Beurteilung des Histogramms sowie ein Basiswissen \u00fcber Belichtung sind elementare Grundlagen f\u00fcr qualitativ hochwertige Bilder und werden entsprechend behandelt. Neben all dem technischen Know-how kommt es aber insbesondere in der Naturfotografie auf den richtigen Moment an. Sie erfahren, inwieweit Sie diesen Moment dem Zufall \u00fcberlassen m\u00fcssen oder auf welche Weise Sie auf diesen doch erfolgreich Einfluss nehmen k\u00f6nnen.<\/p><p>Das Licht ist neben dem Motiv das Wichtigste in der Fotografie. Lichtquellen, Einflussfaktoren auf die Lichtwirkung, die verschiedenen Arten des gerichteten Lichts und diffuses Licht werden mittels Praxisbeispielen veranschaulicht. Anhand von Bildbeispielen lernen Sie wesentliche Aspekte in Bezug auf Komposition und Bildwirkung kennen und erfahren, welche Faktoren in diesem Zusammenhang ein gutes Bild ausmachen.<\/p><p>Von der Kameraausr\u00fcstung, die Sie bei der Fotografie \u00bboutdoor\u00ab ben\u00f6tigen bis hin zu den Transportbeh\u00e4ltern und Stativen, erl\u00e4utern die Autoren au\u00dferdem alles Wissenswerte \u00fcber Kameraformate, Objektivfehler, Sonnenblenden und Co. Zus\u00e4tzlich widmet sich ein eigenes Kapitel den in der Naturfotografie besonders n\u00fctzlichen kleinen Helferlein wie Kamerawinkel, Tarnzelt oder Bohnensack. So erhalten Sie viele praktische Tipps, die Ihnen das Arbeiten vor Ort erleichtern werden.<\/p><p>Die verschiedenen Genres der Naturfotografie werden in einem umfassenden Kapitel anhand zahlreicher eindrucksvoller Beispielbilder klar voneinander abgegrenzt und die M\u00f6glichkeiten sowie Anforderungen an den Fotografen dargestellt. Der Schwerpunkt der Autoren liegt hierbei auf den Bereichen Tier- und Pflanzenfotografie.<\/p><p>Abgerundet wird dieses Buch durch einige Sonderthemen f\u00fcr Naturfotografen. Hier finden sich u.a. Erl\u00e4uterungen zur Qualit\u00e4tsspirale, zum Problem der Datensicherung sowie zu einem optimalen Workflow.<\/p><p>Alle Kapitel sind in sich geschlossen. Sie k\u00f6nnen das Buch daher als Lehrbuch durcharbeiten, k\u00f6nnen aber auch in einzelnen Kapitel nach Anregungen schm\u00f6kern.\u00a0Zu jedem Bild finden Sie die technischen Daten in der Bildbeschreibung.<\/p>\t\t\t\t\t\t\t\t<\/div>\n\t\t\t\t<\/div>\n\t\t\t\t<div class=\"elementor-element elementor-element-adbc676 elementor-widget elementor-widget-accordion\" data-id=\"adbc676\" data-element_type=\"widget\" data-e-type=\"widget\" data-widget_type=\"accordion.default\">\n\t\t\t\t<div class=\"elementor-widget-container\">\n\t\t\t\t\t\t\t<div class=\"elementor-accordion\">\n\t\t\t\t\t\t\t<div class=\"elementor-accordion-item\">\n\t\t\t\t\t<div id=\"elementor-tab-title-1821\" class=\"elementor-tab-title\" data-tab=\"1\" role=\"button\" aria-controls=\"elementor-tab-content-1821\" aria-expanded=\"false\">\n\t\t\t\t\t\t\t\t\t\t\t\t\t<span class=\"elementor-accordion-icon elementor-accordion-icon-right\" aria-hidden=\"true\">\n\t\t\t\t\t\t\t\t\t\t\t\t\t\t\t<span class=\"elementor-accordion-icon-closed\"><svg xmlns=\"http:\/\/www.w3.org\/2000\/svg\" height=\"24\" viewBox=\"0 0 24 24\" width=\"24\"><path d=\"m0 0h24v24h-24z\" fill=\"#fff\" opacity=\"0\"><\/path><g fill=\"none\" stroke=\"#fff\" transform=\"matrix(.70710678 .70710678 -.70710678 .70710678 11.835 3.165)\"><path d=\"m0 0h9.1v8.53\" transform=\"translate(3.397)\"><\/path><path d=\"m12.494 0-12.494 12.494\"><\/path><\/g><\/svg><\/span>\n\t\t\t\t\t\t\t\t<span class=\"elementor-accordion-icon-opened\"><svg xmlns=\"http:\/\/www.w3.org\/2000\/svg\" height=\"24\" viewBox=\"0 0 24 24\" width=\"24\"><path d=\"m0 0h24v24h-24z\" fill=\"#fff\" opacity=\"0\"><\/path><g fill=\"none\" stroke=\"#fff\" transform=\"matrix(.70710678 .70710678 -.70710678 .70710678 11.835 3.165)\"><path d=\"m0 0h9.1v8.53\" transform=\"translate(3.397)\"><\/path><path d=\"m12.494 0-12.494 12.494\"><\/path><\/g><\/svg><\/span>\n\t\t\t\t\t\t\t\t\t\t\t\t\t\t<\/span>\n\t\t\t\t\t\t\t\t\t\t\t\t<a class=\"elementor-accordion-title\" tabindex=\"0\">Feedback und Rezensionen:<\/a>\n\t\t\t\t\t<\/div>\n\t\t\t\t\t<div id=\"elementor-tab-content-1821\" class=\"elementor-tab-content elementor-clearfix\" data-tab=\"1\" role=\"region\" aria-labelledby=\"elementor-tab-title-1821\"><p><a href=\"https:\/\/www.fotointern.ch\/archiv\/2010\/03\/06\/buch-der-woche-digitale-naturfotografie\/\" target=\"_blank\" rel=\"noopener\">fotointern.ch 03\/2010<\/a><\/p><p>\u00a0<\/p><\/div>\n\t\t\t\t<\/div>\n\t\t\t\t\t\t\t\t\t\t<script type=\"application\/ld+json\">{\"@context\":\"https:\\\/\\\/schema.org\",\"@type\":\"FAQPage\",\"mainEntity\":[{\"@type\":\"Question\",\"name\":\"Feedback und Rezensionen:\",\"acceptedAnswer\":{\"@type\":\"Answer\",\"text\":\"<p><a href=\\\"https:\\\/\\\/www.fotointern.ch\\\/archiv\\\/2010\\\/03\\\/06\\\/buch-der-woche-digitale-naturfotografie\\\/\\\" target=\\\"_blank\\\" rel=\\\"noopener\\\">fotointern.ch 03\\\/2010<\\\/a><\\\/p><p>\\u00a0<\\\/p>\"}}]}<\/script>\n\t\t\t\t\t<\/div>\n\t\t\t\t\t\t<\/div>\n\t\t\t\t<\/div>\n\t\t\t\t<\/div>\n\t\t\t\t\t<\/div>\n\t\t\t\t<\/div>\n\t\t\t\t<\/div>\n\t\t\t\t<\/div>\n\t\t","protected":false},"excerpt":{"rendered":"<p>Digitale Naturfotografie &nbsp; Leider vergriffen oder Restbest\u00e4nde! ISBN: 978-3-8266-5516-6 Erscheinungsjahr: 2010 Aus dem Inhalt: Histogramm und Belichtung Der richtige Augenblick Das Licht Komposition und Bildwirkung Die richtige Ausr\u00fcstung Viele kleine Helferlein Genres der Naturfotografie Tierfotografie Pflanzenfotografie Landschaftsfotografie Formen und Strukturen Sonderthemen f\u00fcr Naturfotografen Die Arbeit in der freien Natur bedeutet eine ganz spezielle Herausforderung sowie [&hellip;]<\/p>\n","protected":false},"author":2,"featured_media":0,"parent":638,"menu_order":0,"comment_status":"closed","ping_status":"closed","template":"","meta":{"inline_featured_image":false,"footnotes":""},"class_list":["post-2833","page","type-page","status-publish","hentry"],"acf":[],"_links":{"self":[{"href":"https:\/\/www.naturfoto-zimmert.com\/en\/wp-json\/wp\/v2\/pages\/2833","targetHints":{"allow":["GET"]}}],"collection":[{"href":"https:\/\/www.naturfoto-zimmert.com\/en\/wp-json\/wp\/v2\/pages"}],"about":[{"href":"https:\/\/www.naturfoto-zimmert.com\/en\/wp-json\/wp\/v2\/types\/page"}],"author":[{"embeddable":true,"href":"https:\/\/www.naturfoto-zimmert.com\/en\/wp-json\/wp\/v2\/users\/2"}],"replies":[{"embeddable":true,"href":"https:\/\/www.naturfoto-zimmert.com\/en\/wp-json\/wp\/v2\/comments?post=2833"}],"version-history":[{"count":21,"href":"https:\/\/www.naturfoto-zimmert.com\/en\/wp-json\/wp\/v2\/pages\/2833\/revisions"}],"predecessor-version":[{"id":2887,"href":"https:\/\/www.naturfoto-zimmert.com\/en\/wp-json\/wp\/v2\/pages\/2833\/revisions\/2887"}],"up":[{"embeddable":true,"href":"https:\/\/www.naturfoto-zimmert.com\/en\/wp-json\/wp\/v2\/pages\/638"}],"wp:attachment":[{"href":"https:\/\/www.naturfoto-zimmert.com\/en\/wp-json\/wp\/v2\/media?parent=2833"}],"curies":[{"name":"wp","href":"https:\/\/api.w.org\/{rel}","templated":true}]}}