{"id":1489,"date":"2024-06-17T11:23:20","date_gmt":"2024-06-17T09:23:20","guid":{"rendered":"https:\/\/neu.naturfoto-zimmert.com\/?page_id=1489"},"modified":"2024-08-02T17:00:56","modified_gmt":"2024-08-02T15:00:56","slug":"mikrofotografie","status":"publish","type":"page","link":"https:\/\/www.naturfoto-zimmert.com\/en\/publikationen\/mikrofotografie\/","title":{"rendered":"Microphotography"},"content":{"rendered":"\t\t<div data-elementor-type=\"wp-page\" data-elementor-id=\"1489\" class=\"elementor elementor-1489\" data-elementor-post-type=\"page\">\n\t\t\t\t<div class=\"elementor-element elementor-element-6a6287f e-con-full e-flex e-con e-parent\" data-id=\"6a6287f\" data-element_type=\"container\" data-e-type=\"container\">\n\t\t\t\t<div class=\"elementor-element elementor-element-2ddef6d elementor-widget elementor-widget-heading\" data-id=\"2ddef6d\" data-element_type=\"widget\" data-e-type=\"widget\" data-widget_type=\"heading.default\">\n\t\t\t\t<div class=\"elementor-widget-container\">\n\t\t\t\t\t<h2 class=\"elementor-heading-title elementor-size-default\">Mikrofotografie: F\u00fcr Kunst und Wissenschaft<\/h2>\t\t\t\t<\/div>\n\t\t\t\t<\/div>\n\t\t<div class=\"elementor-element elementor-element-e12e314 e-flex e-con-boxed e-con e-child\" data-id=\"e12e314\" data-element_type=\"container\" data-e-type=\"container\">\n\t\t\t\t\t<div class=\"e-con-inner\">\n\t\t<div class=\"elementor-element elementor-element-c4feb63 e-con-full e-flex e-con e-child\" data-id=\"c4feb63\" data-element_type=\"container\" data-e-type=\"container\">\n\t\t\t\t<div class=\"elementor-element elementor-element-794b4d8 elementor-view-stacked elementor-absolute elementor-hidden-tablet elementor-hidden-mobile elementor-shape-circle elementor-widget elementor-widget-icon\" data-id=\"794b4d8\" data-element_type=\"widget\" data-e-type=\"widget\" data-settings=\"{&quot;_position&quot;:&quot;absolute&quot;,&quot;motion_fx_motion_fx_scrolling&quot;:&quot;yes&quot;,&quot;motion_fx_opacity_effect&quot;:&quot;yes&quot;,&quot;motion_fx_opacity_range&quot;:{&quot;unit&quot;:&quot;%&quot;,&quot;size&quot;:&quot;&quot;,&quot;sizes&quot;:{&quot;start&quot;:0,&quot;end&quot;:45}},&quot;motion_fx_motion_fx_mouse&quot;:&quot;yes&quot;,&quot;motion_fx_mouseTrack_effect&quot;:&quot;yes&quot;,&quot;motion_fx_mouseTrack_speed&quot;:{&quot;unit&quot;:&quot;px&quot;,&quot;size&quot;:0.4,&quot;sizes&quot;:[]},&quot;motion_fx_opacity_direction&quot;:&quot;out-in&quot;,&quot;motion_fx_opacity_level&quot;:{&quot;unit&quot;:&quot;px&quot;,&quot;size&quot;:10,&quot;sizes&quot;:[]},&quot;motion_fx_devices&quot;:[&quot;desktop&quot;,&quot;tablet&quot;,&quot;mobile&quot;]}\" data-widget_type=\"icon.default\">\n\t\t\t\t<div class=\"elementor-widget-container\">\n\t\t\t\t\t\t\t<div class=\"elementor-icon-wrapper\">\n\t\t\t<div class=\"elementor-icon\">\n\t\t\t<svg aria-hidden=\"true\" class=\"e-font-icon-svg e-far-dot-circle\" viewBox=\"0 0 512 512\" xmlns=\"http:\/\/www.w3.org\/2000\/svg\"><path d=\"M256 56c110.532 0 200 89.451 200 200 0 110.532-89.451 200-200 200-110.532 0-200-89.451-200-200 0-110.532 89.451-200 200-200m0-48C119.033 8 8 119.033 8 256s111.033 248 248 248 248-111.033 248-248S392.967 8 256 8zm0 168c-44.183 0-80 35.817-80 80s35.817 80 80 80 80-35.817 80-80-35.817-80-80-80z\"><\/path><\/svg>\t\t\t<\/div>\n\t\t<\/div>\n\t\t\t\t\t\t<\/div>\n\t\t\t\t<\/div>\n\t\t\t\t<div class=\"elementor-element elementor-element-6d13b7a elementor-widget elementor-widget-image\" data-id=\"6d13b7a\" data-element_type=\"widget\" data-e-type=\"widget\" data-widget_type=\"image.default\">\n\t\t\t\t<div class=\"elementor-widget-container\">\n\t\t\t\t\t\t\t\t\t\t\t\t\t\t\t<img fetchpriority=\"high\" decoding=\"async\" width=\"1500\" height=\"1500\" src=\"https:\/\/www.naturfoto-zimmert.com\/wp-content\/uploads\/2024\/06\/91a9DjCGSxL._SL1500_.jpg\" class=\"attachment-full size-full wp-image-1493\" alt=\"\" srcset=\"https:\/\/www.naturfoto-zimmert.com\/wp-content\/uploads\/2024\/06\/91a9DjCGSxL._SL1500_.jpg 1500w, https:\/\/www.naturfoto-zimmert.com\/wp-content\/uploads\/2024\/06\/91a9DjCGSxL._SL1500_-300x300.jpg 300w, https:\/\/www.naturfoto-zimmert.com\/wp-content\/uploads\/2024\/06\/91a9DjCGSxL._SL1500_-1024x1024.jpg 1024w, https:\/\/www.naturfoto-zimmert.com\/wp-content\/uploads\/2024\/06\/91a9DjCGSxL._SL1500_-150x150.jpg 150w, https:\/\/www.naturfoto-zimmert.com\/wp-content\/uploads\/2024\/06\/91a9DjCGSxL._SL1500_-768x768.jpg 768w, https:\/\/www.naturfoto-zimmert.com\/wp-content\/uploads\/2024\/06\/91a9DjCGSxL._SL1500_-12x12.jpg 12w\" sizes=\"(max-width: 1500px) 100vw, 1500px\" \/>\t\t\t\t\t\t\t\t\t\t\t\t\t\t\t<\/div>\n\t\t\t\t<\/div>\n\t\t\t\t<div class=\"elementor-element elementor-element-efb0919 elementor-widget__width-initial elementor-widget elementor-widget-text-editor\" data-id=\"efb0919\" data-element_type=\"widget\" data-e-type=\"widget\" data-widget_type=\"text-editor.default\">\n\t\t\t\t<div class=\"elementor-widget-container\">\n\t\t\t\t\t\t\t\t\t<p>Leider vergriffen oder Restbest\u00e4nde!<\/p>\t\t\t\t\t\t\t\t<\/div>\n\t\t\t\t<\/div>\n\t\t\t\t<div class=\"elementor-element elementor-element-8f8abad elementor-widget__width-initial elementor-widget elementor-widget-text-editor\" data-id=\"8f8abad\" data-element_type=\"widget\" data-e-type=\"widget\" data-widget_type=\"text-editor.default\">\n\t\t\t\t<div class=\"elementor-widget-container\">\n\t\t\t\t\t\t\t\t\t<p><strong>ISBN:<\/strong> 978-3-95845-224-4<\/p><p><strong>Erscheinungsjahr:<\/strong> 2015<\/p>\t\t\t\t\t\t\t\t<\/div>\n\t\t\t\t<\/div>\n\t\t\t\t<div class=\"elementor-element elementor-element-e2f97b5 elementor-widget__width-initial elementor-widget elementor-widget-text-editor\" data-id=\"e2f97b5\" data-element_type=\"widget\" data-e-type=\"widget\" data-widget_type=\"text-editor.default\">\n\t\t\t\t<div class=\"elementor-widget-container\">\n\t\t\t\t\t\t\t\t\t<p>Aus dem Inhalt:<\/p>\t\t\t\t\t\t\t\t<\/div>\n\t\t\t\t<\/div>\n\t\t\t\t<div class=\"elementor-element elementor-element-390e49e elementor-widget__width-initial elementor-widget elementor-widget-text-editor\" data-id=\"390e49e\" data-element_type=\"widget\" data-e-type=\"widget\" data-widget_type=\"text-editor.default\">\n\t\t\t\t<div class=\"elementor-widget-container\">\n\t\t\t\t\t\t\t\t\t<ul><li>Bildbeispiele<\/li><li>Grundlagen der<\/li><li>Makrofotografie<\/li><li>Makrofotografie<\/li><li>Beleuchtung in der Makrofotografie<\/li><li>Grundlagen der Mikroskopie\/Mikrofotografie<\/li><li>Aufbau des Mikroskops<\/li><li>Polarisationsmikrofotografie<\/li><li>Fluoreszenz-\/UV-Mikrofotografie<\/li><li>Mikroskopkamera-Adaptionen<\/li><li>Messen in der Makro-\/Mikrofotografie<\/li><li>Pr\u00e4paration Grundlagen des digitalen Workflows<\/li><li>Digitaler Workflow<\/li><\/ul>\t\t\t\t\t\t\t\t<\/div>\n\t\t\t\t<\/div>\n\t\t\t\t<\/div>\n\t\t<div class=\"elementor-element elementor-element-e6bd085 e-con-full e-flex e-con e-child\" data-id=\"e6bd085\" data-element_type=\"container\" data-e-type=\"container\">\n\t\t\t\t<div class=\"elementor-element elementor-element-a33a593 elementor-widget__width-initial elementor-widget elementor-widget-text-editor\" data-id=\"a33a593\" data-element_type=\"widget\" data-e-type=\"widget\" data-widget_type=\"text-editor.default\">\n\t\t\t\t<div class=\"elementor-widget-container\">\n\t\t\t\t\t\t\t\t\t<p>Bilder aus der extremen Makro- sowie der Mikrofotografie \u00fcben auf die Betrachter einen besonderen Reiz aus. Die Autoren Gerhard Zimmert und Beate Stipanits zeigen Ihnen in diesem \u00e4u\u00dferst genau recherchierten Buch, wie Sie zu solch beeindruckenden Aufnahmen gelangen.<\/p><p>Sie demonstrieren, welche M\u00f6glichkeiten es beim Equipment gibt, wie die typischen Abbildungsfehler vermieden werden k\u00f6nnen und wie man die Qualit\u00e4t der eigenen Ausr\u00fcstung \u00fcberpr\u00fcft. Sie lernen mit Zwischenringen und Lupenobjektiven umzugehen oder Fotos mithilfe eines Mikroskops zu machen. Anhand ausgew\u00e4hlter Bildbeispiele werden die notwendigen Vorbereitungen sowie die eingesetzte fotografische Technik beschrieben und erkl\u00e4rt.<\/p><p>Ein weiterer Schwerpunkt liegt auf der Vorbereitung der Pr\u00e4parate, z.B. dem F\u00e4rben von Pflanzenschnitten oder dem Anfertigen von D\u00fcnnschliffen und der Nachbearbeitung der Bilder, wobei das Thema Focus-Stacking eine wichtige Rolle spielt. Sie erhalten Tipps, wie Sie mit einfachen Mitteln und sogenannten Helferlein ihre Kamera- und Mikroskopausr\u00fcstung verbessern k\u00f6nnen. Dabei sind alle gezeigten Techniken, mit wenigen Ausnahmen, selbst erarbeitet und auf ihre Tauglichkeit f\u00fcr qualitativ hochwertige Aufnahmen analysiert.<\/p><p>Diese Erkl\u00e4rungen, Hilfsmittel und Techniken helfen Ihnen, zum einen wissenschaftlich pr\u00e4zise zu arbeiten, zum anderen aber auch Bilder mit einem \u00e4sthetisch hohen Anspruch zu schaffen.<\/p>\t\t\t\t\t\t\t\t<\/div>\n\t\t\t\t<\/div>\n\t\t\t\t<div class=\"elementor-element elementor-element-adbc676 elementor-widget elementor-widget-accordion\" data-id=\"adbc676\" data-element_type=\"widget\" data-e-type=\"widget\" data-widget_type=\"accordion.default\">\n\t\t\t\t<div class=\"elementor-widget-container\">\n\t\t\t\t\t\t\t<div class=\"elementor-accordion\">\n\t\t\t\t\t\t\t<div class=\"elementor-accordion-item\">\n\t\t\t\t\t<div id=\"elementor-tab-title-1821\" class=\"elementor-tab-title\" data-tab=\"1\" role=\"button\" aria-controls=\"elementor-tab-content-1821\" aria-expanded=\"false\">\n\t\t\t\t\t\t\t\t\t\t\t\t\t<span class=\"elementor-accordion-icon elementor-accordion-icon-right\" aria-hidden=\"true\">\n\t\t\t\t\t\t\t\t\t\t\t\t\t\t\t<span class=\"elementor-accordion-icon-closed\"><svg xmlns=\"http:\/\/www.w3.org\/2000\/svg\" height=\"24\" viewBox=\"0 0 24 24\" width=\"24\"><path d=\"m0 0h24v24h-24z\" fill=\"#fff\" opacity=\"0\"><\/path><g fill=\"none\" stroke=\"#fff\" transform=\"matrix(.70710678 .70710678 -.70710678 .70710678 11.835 3.165)\"><path d=\"m0 0h9.1v8.53\" transform=\"translate(3.397)\"><\/path><path d=\"m12.494 0-12.494 12.494\"><\/path><\/g><\/svg><\/span>\n\t\t\t\t\t\t\t\t<span class=\"elementor-accordion-icon-opened\"><svg xmlns=\"http:\/\/www.w3.org\/2000\/svg\" height=\"24\" viewBox=\"0 0 24 24\" width=\"24\"><path d=\"m0 0h24v24h-24z\" fill=\"#fff\" opacity=\"0\"><\/path><g fill=\"none\" stroke=\"#fff\" transform=\"matrix(.70710678 .70710678 -.70710678 .70710678 11.835 3.165)\"><path d=\"m0 0h9.1v8.53\" transform=\"translate(3.397)\"><\/path><path d=\"m12.494 0-12.494 12.494\"><\/path><\/g><\/svg><\/span>\n\t\t\t\t\t\t\t\t\t\t\t\t\t\t<\/span>\n\t\t\t\t\t\t\t\t\t\t\t\t<a class=\"elementor-accordion-title\" tabindex=\"0\">Feedback und Rezensionen:<\/a>\n\t\t\t\t\t<\/div>\n\t\t\t\t\t<div id=\"elementor-tab-content-1821\" class=\"elementor-tab-content elementor-clearfix\" data-tab=\"1\" role=\"region\" aria-labelledby=\"elementor-tab-title-1821\"><p><a href=\"https:\/\/www.naturfoto-zimmert.com\/images\/documents\/Fotoobjektiv_Jaenner_2016.pdf\">Fotoobjektiv 01\/02 2016<\/a><\/p><p><a href=\"http:\/\/www.mikroskopie-bonn.de\/literatur\/index.html#a4720\">Mikroskopie-Bonn 01\/2016<\/a><\/p><p><a href=\"http:\/\/www.fotointern.ch\/archiv\/2015\/12\/19\/buchtipp-zimmert-stipanits-mikrofotografie\/\">Fotointern.ch Dez. 2015<\/a><\/p><p><a href=\"https:\/\/www.naturfoto-zimmert.com\/images\/documents\/Naturfoto_April_2016.pdf\">NaturFoto 04\/2016<\/a><\/p><p><a href=\"https:\/\/www.naturfoto-zimmert.com\/images\/documents\/Aquaristik_April_Mai_2016.pdf\">Aquaristik Fachmagazin 04\/2016<\/a><\/p><p><a href=\"https:\/\/www.naturfoto-zimmert.com\/images\/documents\/Pilzrundschau_02_2016.pdf\">Pilzrundschau 2\/2016<\/a><\/p><p><a href=\"https:\/\/www.naturfoto-zimmert.com\/images\/documents\/Mikroskopie_02_2016.pdf\">Mikroskopie 2\/2016<\/a><\/p><p><a href=\"https:\/\/www.naturfoto-zimmert.com\/images\/documents\/Profifoto_Sept2016.pdf\">Profifoto 09\/2016<\/a><\/p><p><a href=\"http:\/\/www.profifoto.de\/szene\/buecher\/2016\/09\/01\/mikrokosmos\/\">Profifoto 01.09.2016<\/a><\/p><p>\u00a0<\/p><\/div>\n\t\t\t\t<\/div>\n\t\t\t\t\t\t\t\t\t\t<script type=\"application\/ld+json\">{\"@context\":\"https:\\\/\\\/schema.org\",\"@type\":\"FAQPage\",\"mainEntity\":[{\"@type\":\"Question\",\"name\":\"Feedback und Rezensionen:\",\"acceptedAnswer\":{\"@type\":\"Answer\",\"text\":\"<p><a href=\\\"https:\\\/\\\/www.naturfoto-zimmert.com\\\/images\\\/documents\\\/Fotoobjektiv_Jaenner_2016.pdf\\\">Fotoobjektiv 01\\\/02 2016<\\\/a><\\\/p><p><a href=\\\"http:\\\/\\\/www.mikroskopie-bonn.de\\\/literatur\\\/index.html#a4720\\\">Mikroskopie-Bonn 01\\\/2016<\\\/a><\\\/p><p><a href=\\\"http:\\\/\\\/www.fotointern.ch\\\/archiv\\\/2015\\\/12\\\/19\\\/buchtipp-zimmert-stipanits-mikrofotografie\\\/\\\">Fotointern.ch Dez. 2015<\\\/a><\\\/p><p><a href=\\\"https:\\\/\\\/www.naturfoto-zimmert.com\\\/images\\\/documents\\\/Naturfoto_April_2016.pdf\\\">NaturFoto 04\\\/2016<\\\/a><\\\/p><p><a href=\\\"https:\\\/\\\/www.naturfoto-zimmert.com\\\/images\\\/documents\\\/Aquaristik_April_Mai_2016.pdf\\\">Aquaristik Fachmagazin 04\\\/2016<\\\/a><\\\/p><p><a href=\\\"https:\\\/\\\/www.naturfoto-zimmert.com\\\/images\\\/documents\\\/Pilzrundschau_02_2016.pdf\\\">Pilzrundschau 2\\\/2016<\\\/a><\\\/p><p><a href=\\\"https:\\\/\\\/www.naturfoto-zimmert.com\\\/images\\\/documents\\\/Mikroskopie_02_2016.pdf\\\">Mikroskopie 2\\\/2016<\\\/a><\\\/p><p><a href=\\\"https:\\\/\\\/www.naturfoto-zimmert.com\\\/images\\\/documents\\\/Profifoto_Sept2016.pdf\\\">Profifoto 09\\\/2016<\\\/a><\\\/p><p><a href=\\\"http:\\\/\\\/www.profifoto.de\\\/szene\\\/buecher\\\/2016\\\/09\\\/01\\\/mikrokosmos\\\/\\\">Profifoto 01.09.2016<\\\/a><\\\/p><p>\\u00a0<\\\/p>\"}}]}<\/script>\n\t\t\t\t\t<\/div>\n\t\t\t\t\t\t<\/div>\n\t\t\t\t<\/div>\n\t\t\t\t<\/div>\n\t\t\t\t\t<\/div>\n\t\t\t\t<\/div>\n\t\t\t\t<\/div>\n\t\t\t\t<\/div>\n\t\t","protected":false},"excerpt":{"rendered":"<p>Mikrofotografie: F\u00fcr Kunst und Wissenschaft &nbsp; Leider vergriffen oder Restbest\u00e4nde! ISBN: 978-3-95845-224-4 Erscheinungsjahr: 2015 Aus dem Inhalt: Bildbeispiele Grundlagen der Makrofotografie Makrofotografie Beleuchtung in der Makrofotografie Grundlagen der Mikroskopie\/Mikrofotografie Aufbau des Mikroskops Polarisationsmikrofotografie Fluoreszenz-\/UV-Mikrofotografie Mikroskopkamera-Adaptionen Messen in der Makro-\/Mikrofotografie Pr\u00e4paration Grundlagen des digitalen Workflows Digitaler Workflow Bilder aus der extremen Makro- sowie der Mikrofotografie \u00fcben [&hellip;]<\/p>\n","protected":false},"author":1,"featured_media":0,"parent":638,"menu_order":0,"comment_status":"closed","ping_status":"closed","template":"","meta":{"inline_featured_image":false,"footnotes":""},"class_list":["post-1489","page","type-page","status-publish","hentry"],"acf":[],"_links":{"self":[{"href":"https:\/\/www.naturfoto-zimmert.com\/en\/wp-json\/wp\/v2\/pages\/1489","targetHints":{"allow":["GET"]}}],"collection":[{"href":"https:\/\/www.naturfoto-zimmert.com\/en\/wp-json\/wp\/v2\/pages"}],"about":[{"href":"https:\/\/www.naturfoto-zimmert.com\/en\/wp-json\/wp\/v2\/types\/page"}],"author":[{"embeddable":true,"href":"https:\/\/www.naturfoto-zimmert.com\/en\/wp-json\/wp\/v2\/users\/1"}],"replies":[{"embeddable":true,"href":"https:\/\/www.naturfoto-zimmert.com\/en\/wp-json\/wp\/v2\/comments?post=1489"}],"version-history":[{"count":37,"href":"https:\/\/www.naturfoto-zimmert.com\/en\/wp-json\/wp\/v2\/pages\/1489\/revisions"}],"predecessor-version":[{"id":3160,"href":"https:\/\/www.naturfoto-zimmert.com\/en\/wp-json\/wp\/v2\/pages\/1489\/revisions\/3160"}],"up":[{"embeddable":true,"href":"https:\/\/www.naturfoto-zimmert.com\/en\/wp-json\/wp\/v2\/pages\/638"}],"wp:attachment":[{"href":"https:\/\/www.naturfoto-zimmert.com\/en\/wp-json\/wp\/v2\/media?parent=1489"}],"curies":[{"name":"wp","href":"https:\/\/api.w.org\/{rel}","templated":true}]}}