{"id":1357,"date":"2024-05-31T15:31:00","date_gmt":"2024-05-31T13:31:00","guid":{"rendered":"https:\/\/neu.naturfoto-zimmert.com\/?page_id=1357"},"modified":"2024-05-31T15:43:26","modified_gmt":"2024-05-31T13:43:26","slug":"impressum","status":"publish","type":"page","link":"https:\/\/www.naturfoto-zimmert.com\/en\/impressum\/","title":{"rendered":"Impressum &#038; Datenschutz"},"content":{"rendered":"<div data-elementor-type=\"wp-page\" data-elementor-id=\"1357\" class=\"elementor elementor-1357\" data-elementor-post-type=\"page\">\n\t\t\t\t<div class=\"elementor-element elementor-element-689a783 e-flex e-con-boxed e-con e-parent\" data-id=\"689a783\" data-element_type=\"container\" data-e-type=\"container\">\n\t\t\t\t\t<div class=\"e-con-inner\">\n\t\t\t\t<div class=\"elementor-element elementor-element-78de7ad elementor-widget__width-initial elementor-widget elementor-widget-text-editor\" data-id=\"78de7ad\" data-element_type=\"widget\" data-e-type=\"widget\" data-widget_type=\"text-editor.default\">\n\t\t\t\t<div class=\"elementor-widget-container\">\n\t\t\t\t\t\t\t\t\t<p><strong>Gerhard Zimmert<br \/><\/strong>Photographer &amp; Author<\/p><p>Endressstra\u00dfe 52\/4\/6<br \/>1230 Vienna, Austria<br \/>+43 1 402 20 09<br \/><a target=\"_new\" rel=\"noreferrer\">contact@zimmert.eu<\/a><\/p>\t\t\t\t\t\t\t\t<\/div>\n\t\t\t\t<\/div>\n\t\t\t\t\t<\/div>\n\t\t\t\t<\/div>\n\t\t<div class=\"elementor-element elementor-element-17b9a2a e-flex e-con-boxed e-con e-parent\" data-id=\"17b9a2a\" data-element_type=\"container\" data-e-type=\"container\">\n\t\t\t\t\t<div class=\"e-con-inner\">\n\t\t\t\t<div class=\"elementor-element elementor-element-157c4e8 elementor-widget elementor-widget-menu-anchor\" data-id=\"157c4e8\" data-element_type=\"widget\" data-e-type=\"widget\" data-widget_type=\"menu-anchor.default\">\n\t\t\t\t<div class=\"elementor-widget-container\">\n\t\t\t\t\t\t\t<div class=\"elementor-menu-anchor\" id=\"Datenschutz\"><\/div>\n\t\t\t\t\t\t<\/div>\n\t\t\t\t<\/div>\n\t\t\t\t<div class=\"elementor-element elementor-element-edd6539 elementor-widget elementor-widget-heading\" data-id=\"edd6539\" data-element_type=\"widget\" data-e-type=\"widget\" data-widget_type=\"heading.default\">\n\t\t\t\t<div class=\"elementor-widget-container\">\n\t\t\t\t\t<h2 class=\"elementor-heading-title elementor-size-default\">Datenschutzerkl\u00e4rung<\/h2>\t\t\t\t<\/div>\n\t\t\t\t<\/div>\n\t\t\t\t<div class=\"elementor-element elementor-element-2898bc8 elementor-widget__width-initial elementor-widget elementor-widget-text-editor\" data-id=\"2898bc8\" data-element_type=\"widget\" data-e-type=\"widget\" data-widget_type=\"text-editor.default\">\n\t\t\t\t<div class=\"elementor-widget-container\">\n\t\t\t\t\t\t\t\t\t<p>Der Schutz Ihrer pers\u00f6nlichen Daten ist uns ein besonderes Anliegen. Wir verarbeiten Ihre Daten daher ausschlie\u00dflich auf Grundlage der gesetzlichen Bestimmungen (DSGVO, TKG 2003). In diesen Datenschutzinformationen informieren wir Sie \u00fcber die wichtigsten Aspekte der Datenverarbeitung im Rahmen unserer Website.<\/p><p>Wenn Sie mit uns in Kontakt treten wollen, m\u00fcssen Sie das \u00fcber Ihr eignes Mailverfahren tun, aus Schutz vor SPAM &amp; Co bieten wir kein Kontaktformular auf unserer Webseite an.<\/p><p>Wir f\u00fchren keine Interessenten- oder Kundendatenbank und verschicken auch keine Newsletter und \u00e4hnliches.<\/p><p>F\u00fcr den Fall, dass es zu einem Vertrag zwischen Ihnen und uns kommt, unterliegen diese Daten den gesetzlichen Aufbewahrungsfristen (g\u00fcltig f\u00fcr \u00d6sterreich).<\/p><p>Ihre Daten werden grunds\u00e4tzlich nicht an Dritte weitergegeben.<\/p><p>\u00a0<\/p><h3>Cookies<\/h3><p>Unsere Website verwendet so genannte Cookies. Dabei handelt es sich um kleine Textdateien, die mit Hilfe des Browsers auf Ihrem Endger\u00e4t abgelegt werden. Sie richten keinen Schaden an.<\/p><p>Wir nutzen Cookies dazu, unser Angebot nutzerfreundlich zu gestalten. Einige Cookies bleiben auf Ihrem Endger\u00e4t gespeichert, bis Sie diese l\u00f6schen. Sie erm\u00f6glichen es uns, Ihren Browser beim n\u00e4chsten Besuch wiederzuerkennen.<\/p><p>Wenn Sie dies nicht w\u00fcnschen, so k\u00f6nnen Sie Ihren Browser so einrichten, dass er Sie \u00fcber das Setzen von Cookies informiert und Sie dies nur im Einzelfall erlauben.<\/p><p>Bei der Deaktivierung von Cookies kann die Funktionalit\u00e4t unserer Website eingeschr\u00e4nkt sein.<\/p><p>Wien, Mai 2018<\/p>\t\t\t\t\t\t\t\t<\/div>\n\t\t\t\t<\/div>\n\t\t\t\t\t<\/div>\n\t\t\t\t<\/div>\n\t\t<div class=\"elementor-element elementor-element-3133471 e-flex e-con-boxed e-con e-parent\" data-id=\"3133471\" data-element_type=\"container\" data-e-type=\"container\">\n\t\t\t\t\t<div class=\"e-con-inner\">\n\t\t\t\t<div class=\"elementor-element elementor-element-e3f4a0a elementor-widget elementor-widget-menu-anchor\" data-id=\"e3f4a0a\" data-element_type=\"widget\" data-e-type=\"widget\" data-widget_type=\"menu-anchor.default\">\n\t\t\t\t<div class=\"elementor-widget-container\">\n\t\t\t\t\t\t\t<div class=\"elementor-menu-anchor\" id=\"Haftungsausschluss\"><\/div>\n\t\t\t\t\t\t<\/div>\n\t\t\t\t<\/div>\n\t\t\t\t<div class=\"elementor-element elementor-element-0a088d8 elementor-widget elementor-widget-heading\" data-id=\"0a088d8\" data-element_type=\"widget\" data-e-type=\"widget\" data-widget_type=\"heading.default\">\n\t\t\t\t<div class=\"elementor-widget-container\">\n\t\t\t\t\t<h2 class=\"elementor-heading-title elementor-size-default\">Disclaimer<\/h2>\t\t\t\t<\/div>\n\t\t\t\t<\/div>\n\t\t\t\t<div class=\"elementor-element elementor-element-65d3a98 elementor-widget__width-initial elementor-widget elementor-widget-text-editor\" data-id=\"65d3a98\" data-element_type=\"widget\" data-e-type=\"widget\" data-widget_type=\"text-editor.default\">\n\t\t\t\t<div class=\"elementor-widget-container\">\n\t\t\t\t\t\t\t\t\t<p>Diese Webseite wird von Gerhard Zimmert zur Verf\u00fcgung gestellt. Wir freuen uns, dass Sie diese Seite besuchen. Sowohl durch die Ben\u00fctzung als auch durch das Herunterladen von Information und Bildern von dieser Webseite stimmen Sie den allgemeinen Nutzungsbestimmungen zu und akzeptieren sie.<\/p><h3>1. Inhalt<\/h3><p>Der Autor \u00fcbernimmt keinerlei Gew\u00e4hr f\u00fcr die Aktualit\u00e4t, Korrektheit, Vollst\u00e4ndigkeit oder Qualit\u00e4t der bereitgestellten Informationen. Haftungsanspr\u00fcche gegen den Autor, welche sich auf Sch\u00e4den materieller oder ideeller Art beziehen, die durch die Nutzung oder Nichtnutzung der dargebotenen Informationen bzw. durch die Nutzung fehlerhafter und unvollst\u00e4ndiger Informationen verursacht wurden, sind grunds\u00e4tzlich ausgeschlossen, sofern seitens des Autors kein nachweislich vors\u00e4tzliches oder grob fahrl\u00e4ssiges Verschulden vorliegt. Der Autor beh\u00e4lt es sich ausdr\u00fccklich vor, Teile der Seiten oder das gesamte Angebot ohne gesonderte Ank\u00fcndigung zu ver\u00e4ndern, zu erg\u00e4nzen, zu l\u00f6schen oder die Ver\u00f6ffentlichung zeitweise oder endg\u00fcltig einzustellen.<\/p><p>Alle Angebote sind freibleibend und unverbindlich.<\/p><p>\u00a0<\/p><h3>2. Verweise und Links<\/h3><p>Bei direkten oder indirekten Verweisen auf fremde Webseiten, die au\u00dferhalb des Verantwortungsbereiches des Autors lieben, w\u00fcrde eine Haftungsverpflichtung ausschlie\u00dflich in dem Fall in Kraft treten, in dem der Autor von den Inhalten Kenntnis hat und es ihm technisch m\u00f6glich und zumutbar w\u00e4re, die Nutzung im Falle rechtswidriger Inhalte zu verhindern.<\/p><p>Der Autor erkl\u00e4rt hiermit ausdr\u00fccklich, dass zum Zeitpunkt der Linksetzung keine illegalen Inhalte auf den zur verlinkenden Seiten erkennbar waren. Auf die aktuelle und zuk\u00fcnftige Gestaltung, die Inhalte oder die Urheberschaft der gelinkten\/verkn\u00fcpften Seiten hat der Autor keinerlei Einfluss. Deshalb distanziert er sich hiermit ausdr\u00fccklich von allen Inhalten aller gelinkten\/verkn\u00fcpften Seiten, die nach der Linksetzung ver\u00e4ndert wurden. Diese Feststellung gilt f\u00fcr alle innerhalb des eigenen Internetangebotes gesetzten Links und Verweise sowie f\u00fcr Fremdbeitr\u00e4ge im vom Autor eingerichteten G\u00e4steb\u00fcchern, Diskussionsforen und Mailinglisten.<\/p><p>\u00a0<\/p><h3>3. Geistiges Eigentum<\/h3><p>Der Autor ist bestrebt, in allen Publikationen die Urheberrechte des verwendeten Materials zu beachten und wo notwendig, die entsprechenden Copyrightvermerke anzubringen.<\/p><p>Das Copyright f\u00fcr ver\u00f6ffentlichte, vom Autor selbst erstellten Objekte bleibt allein beim Autor der Seiten. Eine Vervielf\u00e4ltigung oder Verwendung solcher Text und Bilder in anderen elektronischen oder gedruckten Publikationen ist ohne ausdr\u00fcckliche Zustimmung des Autors nicht gestattet.<\/p><p>\u00a0<\/p><h3>4. Datenschutz<\/h3><p>Sofern innerhalb des Internetangebotes die M\u00f6glichkeit zur Eingabe pers\u00f6nlicher oder gesch\u00e4ftlicher Daten (Emailadressen, Namen, Anschriften) besteht, so erfolgt die Preisgabe dieser Daten seitens des Nutzers auf ausdr\u00fccklich freiwilliger Basis. Die Nutzung der im Rahmen des Impressums oder vergleichbarer Angaben ver\u00f6ffentlichten Kontaktdaten wie Postanschriften, Telefon- und Faxnummern sowie Emailadressen durch Dritte zur \u00dcbersendung von nicht ausdr\u00fccklich angeforderten Informationen ist nicht gestattet. Rechtliche Schritte gegen die Versendung von sogenannten Spam-Mails bei Verst\u00f6\u00dfen gegen dieses Verbot sind ausdr\u00fccklich vorbehalten.<\/p><p>\u00a0<\/p><h3>5. Gerichtsstand<\/h3><p>Diese allgemeinen Nutzungsbestimmungen sollen durch die \u00f6sterreichische Gesetzgebung geregelt werden, ohne seinen Konflikt mit Gesetzesregeln wirksam zu machen. Gerichtsstand: \u00d6sterreich.<\/p><p>\u00a0<\/p><h3>6. Rechtswirksamkeit<\/h3><p>Dieser Haftungsausschlu\u00df ist als Teil des Internetangebotes zu betrachten, von dem aus auf diese Seite verwiesen wurde. Sofern Teile oder einzelne Formulierungen dieses Textes der geltenden Rechtslage nicht, nicht mehr oder nicht vollst\u00e4ndig entsprechen sollten, bleiben die \u00fcbrigen Teile des Dokuments in ihrem Inhalt und ihrer G\u00fcltigkeit davon unber\u00fchrt.<\/p>\t\t\t\t\t\t\t\t<\/div>\n\t\t\t\t<\/div>\n\t\t\t\t\t<\/div>\n\t\t\t\t<\/div>\n\t\t\t\t<\/div>","protected":false},"excerpt":{"rendered":"<p>Gerhard Zimmert Fotograf &amp; Autor Endressstra\u00dfe 52\/4\/6 1230 Wien +43 1 402 20 09 contact@zimmert.eu Datenschutzerkl\u00e4rung Der Schutz Ihrer pers\u00f6nlichen Daten ist uns ein besonderes Anliegen. Wir verarbeiten Ihre Daten daher ausschlie\u00dflich auf Grundlage der gesetzlichen Bestimmungen (DSGVO, TKG 2003). In diesen Datenschutzinformationen informieren wir Sie \u00fcber die wichtigsten Aspekte der Datenverarbeitung im Rahmen unserer [&hellip;]<\/p>\n","protected":false},"author":1,"featured_media":0,"parent":0,"menu_order":0,"comment_status":"closed","ping_status":"closed","template":"","meta":{"inline_featured_image":false,"footnotes":""},"class_list":["post-1357","page","type-page","status-publish","hentry"],"acf":[],"_links":{"self":[{"href":"https:\/\/www.naturfoto-zimmert.com\/en\/wp-json\/wp\/v2\/pages\/1357","targetHints":{"allow":["GET"]}}],"collection":[{"href":"https:\/\/www.naturfoto-zimmert.com\/en\/wp-json\/wp\/v2\/pages"}],"about":[{"href":"https:\/\/www.naturfoto-zimmert.com\/en\/wp-json\/wp\/v2\/types\/page"}],"author":[{"embeddable":true,"href":"https:\/\/www.naturfoto-zimmert.com\/en\/wp-json\/wp\/v2\/users\/1"}],"replies":[{"embeddable":true,"href":"https:\/\/www.naturfoto-zimmert.com\/en\/wp-json\/wp\/v2\/comments?post=1357"}],"version-history":[{"count":8,"href":"https:\/\/www.naturfoto-zimmert.com\/en\/wp-json\/wp\/v2\/pages\/1357\/revisions"}],"predecessor-version":[{"id":1368,"href":"https:\/\/www.naturfoto-zimmert.com\/en\/wp-json\/wp\/v2\/pages\/1357\/revisions\/1368"}],"wp:attachment":[{"href":"https:\/\/www.naturfoto-zimmert.com\/en\/wp-json\/wp\/v2\/media?parent=1357"}],"curies":[{"name":"wp","href":"https:\/\/api.w.org\/{rel}","templated":true}]}}